{"id":5443,"date":"2023-02-09T11:10:07","date_gmt":"2023-02-09T10:10:07","guid":{"rendered":"https:\/\/zuechtertag.laboklin.com\/?page_id=5443"},"modified":"2026-03-16T11:05:08","modified_gmt":"2026-03-16T10:05:08","slug":"hauptprogramm","status":"publish","type":"page","link":"https:\/\/zuechter.laboklin.com\/hund\/hauptprogramm\/","title":{"rendered":"Hauptprogramm"},"content":{"rendered":"<div class=\"wpb-content-wrapper\"><p>[vc_row bg_type=&#8221;color&#8221; header_feature=&#8221;yes&#8221; desktop_visibility=&#8221;hide&#8221; tablet_visibility=&#8221;hide&#8221; tablet_sm_visibility=&#8221;hide&#8221; mobile_visibility=&#8221;hide&#8221; bg_color=&#8221;rgba(190,214,179,0.62)&#8221;][vc_column][vc_column_text]<b><div class=\"stm_zoom_wrapper\">\t\t\t<div class=\"stm_zoom_content\">\n\t\t\t\t\t\t\t\t<div class=\"zoom_content\">\n\t\t\t\t\t<div class=\"zoom_info\">\n\t\t\t\t\t\t<h2>HAUPTPROGRAMM &#8211; 8. Z\u00fcchtertagung<\/h2>\n\t\t\t\t\t\t\t\t\t\t\t\t\t<div class=\"date\">\n\t\t\t\t\t\t\t\t<span>Webinar date <\/span>\n\t\t\t\t\t\t\t\t<b>\n\t\t\t\t\t\t\t\t\tOctober 29, 2022 7:25 am\t\t\t\t\t\t\t\t<\/b>\n\t\t\t\t\t\t\t<\/div>\n\t\t\t\t\t\t\t\t\t\t\t\t<div class=\"stm-calendar-links\">\n\t\t\t\t\t\t\t<span>Add to:<\/span>\n\t\t\t\t\t\t\t<a href=\"https:\/\/calendar.google.com\/calendar\/render?action=TEMPLATE&#038;dates=20221029T052500Z\/20221029T134500Z&#038;text=HAUPTPROGRAMM%20%26%238211%3B%208.%20Z%C3%BCchtertagung&#038;details=%2B%20Zittern%2C%20Humpeln%2C%20Lahmen%20%E2%80%93%20von%20Ataxie%20bis%20Epilepsie%3B%20rassespezifische%2C%20genetische%20Ursachen%20f%C3%BCr%20motorische%20und%20neuronale%20Erkrankungen%20%2B%20Degenerative%20Myelopathie%20%E2%80%93%20Aktueller%20wissenschaftlicher%20Stand%20%2B%20Die%20Do%E2%80%98s%20%26%20Dont%E2%80%98s%20der%20Labordiagnostik%20f%C3%BCr%20Epileptiker%20%2B%20Gangwerkentwicklung%20und%20Wachstum%20beim%20Hund%20%2B%20Lahmheit%20beim%20Hund.%20Schon%20einmal%20an%20Infektionskrankheiten%20gedacht%3F%20%2B%20Die%20Mythen%20in%20der%20Hundef%C3%BCtterung&#038;location=&#038;sf=true&#038;output=xml\">Google Calendar<\/a>\n\t\t\t\t\t\t\t,\n\t\t\t\t\t\t\t<a href=\"https:\/\/zuechter.laboklin.com\/hund\/stm-zoom-webinar\/hauptprogramm-8-zuechtertagung\/?ical_export=1\t\t\t\t\t\t\t\t\" class=\"\" target=\"_blank\">\n\t\t\t\t\t\t\t\tiCal Export\t\t\t\t\t\t\t<\/a>\n\t\t\t\t\t\t<\/div>\n\t\t\t\t\t\t\t\t\t\t\t\t\t\t\t\t\t\t\t\t<a href=\"\n\t\t\t\t\t\t\thttps:\/\/zuechter.laboklin.com\/hund\/stm-zoom-webinar\/hauptprogramm-8-zuechtertagung\/?show_meeting=1\t\t\t\t\t\t\t\t\" class=\"btn stm-join-btn join_in_menu\" target=\"_blank\">\n\t\t\t\t\t\t\t\tJoin in browser\t\t\t\t\t\t\t<\/a>\n\t\t\t\t\t\t\t<a href=\"https:\/\/zoom.us\/j\/89193275727\" class=\"btn stm-join-btn outline\" target=\"_blank\">\n\t\t\t\t\t\t\t\tJoin in zoom app\t\t\t\t\t\t\t<\/a>\n\t\t\t\t\t\t\t\t\t\t\t<\/div>\n\t\t\t\t<\/div>\n\t\t\t\t<div class=\"zoom_description\">\n\t\t\t\t\t\t\t\t\t\t\t<div class=\"agenda\">\n\t\t\t\t\t\t\t+ Zittern, Humpeln, Lahmen \u2013 von Ataxie bis Epilepsie; rassespezifische, genetische Ursachen f\u00fcr motorische und neuronale Erkrankungen + Degenerative Myelopathie \u2013 Aktueller wissenschaftlicher Stand + Die Do\u2018s &amp; Dont\u2018s der Labordiagnostik f\u00fcr Epileptiker + Gangwerkentwicklung und Wachstum beim Hund + Lahmheit beim Hund. Schon einmal an Infektionskrankheiten gedacht? + Die Mythen in der Hundef\u00fctterung\t\t\t\t\t\t<\/div>\n\t\t\t\t\t\t\t\t\t\t<div id=\"zmmtg-root\"><\/div>\n\t\t\t\t\t<div id=\"aria-notify-area\"><\/div>\n\t\t\t\t<\/div>\n\t\t\t<\/div>\n\t\t\t<\/div><\/b>[\/vc_column_text][\/vc_column][\/vc_row][vc_row][vc_column width=&#8221;5\/6&#8243;][vc_column_text css=&#8221;&#8221;]<\/p>\n<h3><strong>Wir freuen uns, Ihnen hier das hei\u00dfersehnte Programm<br \/>\nzu unserem <span style=\"color: #e51e1e;\">12. Hundez\u00fcchtertag <\/span>&#8220;Lebensqualit\u00e4t f\u00fcr \u00e4ltere (Zucht-) Hunde&#8221; vorstellen zu d\u00fcrfen!<\/strong><\/h3>\n<p>[\/vc_column_text][vc_row_inner css=&#8221;.vc_custom_1598441873523{margin-top: 20px !important;padding-top: 10px !important;padding-bottom: 20px !important;background-color: #eaeaea !important;}&#8221;][vc_column_inner width=&#8221;1\/4&#8243;][vc_column_text css=&#8221;.vc_custom_1766498178185{padding-top: 10px !important;}&#8221;]<\/p>\n<h5 style=\"text-align: left;\">08 : 30 Uhr<\/h5>\n<p>[\/vc_column_text][\/vc_column_inner][vc_column_inner width=&#8221;3\/4&#8243;][vc_column_text css=&#8221;.vc_custom_1706784441588{padding-top: 10px !important;}&#8221;]<strong>Begr\u00fc\u00dfung<\/strong>[\/vc_column_text][\/vc_column_inner][\/vc_row_inner][vc_row_inner css=&#8221;.vc_custom_1642684235891{margin-top: 10px !important;margin-bottom: 10px !important;padding-top: 10px !important;padding-bottom: 10px !important;background-color: #e7e7e7 !important;}&#8221;][vc_column_inner width=&#8221;1\/4&#8243;][vc_column_text css=&#8221;&#8221;]<\/p>\n<h5>08 : 35 &#8211; 09 : 15 Uhr<\/h5>\n<p>[\/vc_column_text][\/vc_column_inner][vc_column_inner width=&#8221;3\/4&#8243;][vc_column_text css=&#8221;.vc_custom_1766498423221{padding-top: 10px !important;}&#8221;]<strong>1. Was gibt\u2019s Neues bei Labogen? Genetic news direkt aus dem Labor!<\/strong><\/p>\n<h5><span style=\"color: #ff0000;\">Dipl. Biol. Hubert Bauer | Laboklin<\/span><\/h5>\n<p>[\/vc_column_text][\/vc_column_inner][\/vc_row_inner][vc_row_inner css=&#8221;.vc_custom_1642690651484{margin-top: 10px !important;padding-top: 10px !important;padding-bottom: 10px !important;background-color: #eaeaea !important;}&#8221;][vc_column_inner width=&#8221;1\/4&#8243;][vc_column_text css=&#8221;.vc_custom_1766498270821{padding-top: 10px !important;}&#8221;]<\/p>\n<h5>09 : 15 &#8211; 10 : 25 Uhr<\/h5>\n<p>[\/vc_column_text][\/vc_column_inner][vc_column_inner width=&#8221;3\/4&#8243;][vc_column_text css=&#8221;.vc_custom_1773655395814{padding-top: 10px !important;}&#8221;]<strong>2. Typische Krankheiten unserer Hundesenioren \u2013 was sagt uns das Blut?<\/strong><\/p>\n<h5><span style=\"color: #ff0000;\">Lena Meyer &amp; Dr. Angelika Drensler | Laboklin<\/span><\/h5>\n<p>[\/vc_column_text][\/vc_column_inner][\/vc_row_inner][vc_row_inner css=&#8221;.vc_custom_1675937589881{margin-top: 10px !important;padding-top: 10px !important;padding-bottom: 10px !important;background-color: #b6d6a2 !important;}&#8221;][vc_column_inner width=&#8221;1\/4&#8243;][vc_column_text css=&#8221;&#8221;]<\/p>\n<h5>10 : 25 &#8211; 10 : 35 Uhr<\/h5>\n<p>[\/vc_column_text][\/vc_column_inner][vc_column_inner width=&#8221;3\/4&#8243;][vc_column_text]<\/p>\n<h5><span style=\"color: #000000;\">PAUSE<\/span><\/h5>\n<p>[\/vc_column_text][\/vc_column_inner][\/vc_row_inner][vc_row_inner css=&#8221;.vc_custom_1598441895690{margin-top: 10px !important;padding-top: 10px !important;padding-bottom: 10px !important;background-color: #eaeaea !important;}&#8221;][vc_column_inner width=&#8221;1\/4&#8243;][vc_column_text css=&#8221;.vc_custom_1766498354143{padding-top: 10px !important;}&#8221;]<\/p>\n<h5>10 : 35 &#8211; 11 : 15 Uhr<\/h5>\n<p>[\/vc_column_text][\/vc_column_inner][vc_column_inner width=&#8221;3\/4&#8243;][vc_column_text css=&#8221;&#8221;]<strong>3. Kognitive Dysfunktion &#8211; Herausforderung f\u00fcr Hund und Herrchen\/Frauchen<\/strong><\/p>\n<h5><span style=\"color: #ff0000;\">Dr. Nina Meyerhoff<\/span><\/h5>\n<p>[\/vc_column_text][\/vc_column_inner][\/vc_row_inner][vc_row_inner css=&#8221;.vc_custom_1642690651484{margin-top: 10px !important;padding-top: 10px !important;padding-bottom: 10px !important;background-color: #eaeaea !important;}&#8221;][vc_column_inner width=&#8221;1\/4&#8243;][vc_column_text css=&#8221;.vc_custom_1766498459102{padding-top: 10px !important;}&#8221;]<\/p>\n<h5>11 : 15 &#8211; 11 : 55 Uhr<\/h5>\n<p>[\/vc_column_text][\/vc_column_inner][vc_column_inner width=&#8221;3\/4&#8243;][vc_column_text css=&#8221;.vc_custom_1766498493205{padding-top: 10px !important;}&#8221;]<strong>4. Wichtige S\u00e4ulen der seniorengerechten Ern\u00e4hrung<\/strong><\/p>\n<h5><span style=\"color: #ff0000;\">Dr. Britta Kiefer-Hecker | Hills<\/span><\/h5>\n<p>[\/vc_column_text][\/vc_column_inner][\/vc_row_inner][vc_row_inner css=&#8221;.vc_custom_1675937603677{margin-top: 10px !important;padding-top: 10px !important;padding-bottom: 10px !important;background-color: #b6d6a2 !important;}&#8221;][vc_column_inner width=&#8221;1\/4&#8243;][vc_column_text css=&#8221;&#8221;]<\/p>\n<h5>11 : 55 &#8211; 12 : 25 Uhr<\/h5>\n<p>[\/vc_column_text][\/vc_column_inner][vc_column_inner width=&#8221;3\/4&#8243;][vc_column_text]<\/p>\n<h5><span style=\"color: #000000;\">PAUSE<\/span><\/h5>\n<p>[\/vc_column_text][\/vc_column_inner][\/vc_row_inner][vc_row_inner css=&#8221;.vc_custom_1598441895690{margin-top: 10px !important;padding-top: 10px !important;padding-bottom: 10px !important;background-color: #eaeaea !important;}&#8221;][vc_column_inner width=&#8221;1\/4&#8243;][vc_column_text css=&#8221;.vc_custom_1766498539556{padding-top: 10px !important;}&#8221;]<\/p>\n<h5>12 : 25 &#8211; 13 : 05 Uhr<\/h5>\n<p>[\/vc_column_text][\/vc_column_inner][vc_column_inner width=&#8221;3\/4&#8243;][vc_column_text css=&#8221;.vc_custom_1773655435786{padding-top: 10px !important;}&#8221;]<strong>5. Omega 3 &#8211; Ein Hundeleben lang<\/strong><\/p>\n<h5><span style=\"color: #ff0000;\">Dr. Janey May | Foten<\/span><\/h5>\n<p>[\/vc_column_text][\/vc_column_inner][\/vc_row_inner][vc_row_inner css=&#8221;.vc_custom_1598441895690{margin-top: 10px !important;padding-top: 10px !important;padding-bottom: 10px !important;background-color: #eaeaea !important;}&#8221;][vc_column_inner width=&#8221;1\/4&#8243;][vc_column_text css=&#8221;.vc_custom_1766498637376{padding-top: 10px !important;}&#8221;]<\/p>\n<h5>13 : 05 &#8211; 13 : 55 Uhr<\/h5>\n<p>[\/vc_column_text][\/vc_column_inner][vc_column_inner width=&#8221;3\/4&#8243;][vc_column_text css=&#8221;.vc_custom_1773655463806{padding-top: 10px !important;}&#8221;]<strong>6. Einfach alt oder doch krank? Herzerkrankungen bei \u00e4lteren Hunden<\/strong><\/p>\n<h5><span style=\"color: #ff0000;\">Dr. Sonja Schiller-Gaab<\/span><\/h5>\n<p>[\/vc_column_text][\/vc_column_inner][\/vc_row_inner][vc_row_inner css=&#8221;.vc_custom_1642690921188{margin-top: 10px !important;margin-bottom: 10px !important;padding-top: 10px !important;padding-bottom: 10px !important;background-color: #e7e7e7 !important;}&#8221;][vc_column_inner width=&#8221;1\/4&#8243;][vc_column_text css=&#8221;&#8221;]<\/p>\n<h5>13 : 55 &#8211; 14 : 15 Uhr<\/h5>\n<p>[\/vc_column_text][\/vc_column_inner][vc_column_inner width=&#8221;3\/4&#8243;][vc_column_text css=&#8221;&#8221;]<strong>7. Was kommt zuletzt? Lebensqualit\u00e4t und Lebensende<\/strong><\/p>\n<h5><span style=\"color: #ff0000;\">Dr. Angelika Drensler | Laboklin<\/span><\/h5>\n<p>[\/vc_column_text][\/vc_column_inner][\/vc_row_inner][vc_row_inner css=&#8221;.vc_custom_1642690921188{margin-top: 10px !important;margin-bottom: 10px !important;padding-top: 10px !important;padding-bottom: 10px !important;background-color: #e7e7e7 !important;}&#8221;][vc_column_inner width=&#8221;1\/4&#8243;][vc_column_text css=&#8221;&#8221;]<\/p>\n<h5>14 : 15 &#8211; 15 : 00 Uhr<\/h5>\n<p>[\/vc_column_text][\/vc_column_inner][vc_column_inner width=&#8221;3\/4&#8243;][vc_column_text css=&#8221;&#8221;]<strong>Diskussion mit allen Referenten des Hauptprogramms<\/strong>[\/vc_column_text][\/vc_column_inner][\/vc_row_inner][vc_row_inner css=&#8221;.vc_custom_1706715839912{margin-top: 10px !important;padding-top: 10px !important;padding-bottom: 10px !important;background-color: #eaeaea !important;}&#8221;][vc_column_inner width=&#8221;1\/4&#8243;][vc_column_text css=&#8221;.vc_custom_1675937373005{padding-top: 10px !important;}&#8221;]<\/p>\n<h5>\u00a015 : 00 Uhr<\/h5>\n<p>[\/vc_column_text][\/vc_column_inner][vc_column_inner width=&#8221;3\/4&#8243;][vc_column_text css=&#8221;.vc_custom_1734953783172{margin-bottom: 10px !important;padding-top: 10px !important;padding-bottom: 10px !important;}&#8221;]<strong>Verabschiedung<\/strong>[\/vc_column_text][\/vc_column_inner][\/vc_row_inner][\/vc_column][vc_column width=&#8221;1\/6&#8243;][\/vc_column][\/vc_row]<\/p>\n<\/div>","protected":false},"excerpt":{"rendered":"<p>[vc_row bg_type=&#8221;color&#8221; header_feature=&#8221;yes&#8221; desktop_visibility=&#8221;hide&#8221; tablet_visibility=&#8221;hide&#8221; tablet_sm_visibility=&#8221;hide&#8221; mobile_visibility=&#8221;hide&#8221; bg_color=&#8221;rgba(190,214,179,0.62)&#8221;][vc_column][vc_column_text][\/vc_column_text][\/vc_column][\/vc_row][vc_row][vc_column width=&#8221;5\/6&#8243;][vc_column_text css=&#8221;&#8221;] Wir freuen uns, Ihnen hier das hei\u00dfersehnte Programm zu unserem 12. Hundez\u00fcchtertag &#8220;Lebensqualit\u00e4t f\u00fcr \u00e4ltere (Zucht-) Hunde&#8221; vorstellen zu d\u00fcrfen! [\/vc_column_text][vc_row_inner css=&#8221;.vc_custom_1598441873523{margin-top: 20px !important;padding-top: 10px !important;padding-bottom: 20px !important;background-color: #eaeaea !important;}&#8221;][vc_column_inner width=&#8221;1\/4&#8243;][vc_column_text css=&#8221;.vc_custom_1766498178185{padding-top: 10px !important;}&#8221;] 08 : 30 Uhr [\/vc_column_text][\/vc_column_inner][vc_column_inner width=&#8221;3\/4&#8243;][vc_column_text css=&#8221;.vc_custom_1706784441588{padding-top: 10px !important;}&#8221;]Begr\u00fc\u00dfung[\/vc_column_text][\/vc_column_inner][\/vc_row_inner][vc_row_inner css=&#8221;.vc_custom_1642684235891{margin-top: 10px [&hellip;]<\/p>\n","protected":false},"author":1,"featured_media":0,"parent":0,"menu_order":0,"comment_status":"closed","ping_status":"closed","template":"","meta":{"footnotes":""},"class_list":["post-5443","page","type-page","status-publish","hentry"],"_links":{"self":[{"href":"https:\/\/zuechter.laboklin.com\/hund\/wp-json\/wp\/v2\/pages\/5443","targetHints":{"allow":["GET"]}}],"collection":[{"href":"https:\/\/zuechter.laboklin.com\/hund\/wp-json\/wp\/v2\/pages"}],"about":[{"href":"https:\/\/zuechter.laboklin.com\/hund\/wp-json\/wp\/v2\/types\/page"}],"author":[{"embeddable":true,"href":"https:\/\/zuechter.laboklin.com\/hund\/wp-json\/wp\/v2\/users\/1"}],"replies":[{"embeddable":true,"href":"https:\/\/zuechter.laboklin.com\/hund\/wp-json\/wp\/v2\/comments?post=5443"}],"version-history":[{"count":40,"href":"https:\/\/zuechter.laboklin.com\/hund\/wp-json\/wp\/v2\/pages\/5443\/revisions"}],"predecessor-version":[{"id":9106,"href":"https:\/\/zuechter.laboklin.com\/hund\/wp-json\/wp\/v2\/pages\/5443\/revisions\/9106"}],"wp:attachment":[{"href":"https:\/\/zuechter.laboklin.com\/hund\/wp-json\/wp\/v2\/media?parent=5443"}],"curies":[{"name":"wp","href":"https:\/\/api.w.org\/{rel}","templated":true}]}}