{"id":6,"date":"2020-08-25T15:11:31","date_gmt":"2020-08-25T13:11:31","guid":{"rendered":"https:\/\/zuechtertag.laboklin.com\/?page_id=6"},"modified":"2026-04-07T12:30:05","modified_gmt":"2026-04-07T10:30:05","slug":"das-neue-museum-oeffnet-seine-tueren-2","status":"publish","type":"page","link":"https:\/\/zuechter.laboklin.com\/hund\/","title":{"rendered":"Startseite"},"content":{"rendered":"<div class=\"wpb-content-wrapper\"><p>[vc_row flex_height=&#8221;yes&#8221; middle_content=&#8221;yes&#8221; desktop_visibility=&#8221;hide&#8221; tablet_visibility=&#8221;hide&#8221; tablet_sm_visibility=&#8221;hide&#8221; mobile_visibility=&#8221;hide&#8221;][vc_column width=&#8221;1\/2&#8243;]<div class=\"eut-element eut-align-center eut-animated-item eut-fadeInLeft\" data-delay=\"100\"><a class=\"eut-btn eut-btn-extralarge eut-extra-round eut-bg-primary-1 eut-btn-line\" href=\"#hauptprogramm\" target=\"_self\" style=\"\"><span>Hier gelangen Sie zum Hauptprogramm<\/span><\/a><\/div>[\/vc_column][vc_column width=&#8221;1\/2&#8243;]<div class=\"eut-element eut-align-center eut-animated-item eut-fadeInRight\" data-delay=\"100\"><a class=\"eut-btn eut-btn-extralarge eut-extra-round eut-bg-primary-1 eut-btn-line\" href=\"#seminare\" target=\"_self\" style=\"\"><span>Hier gelangen Sie zu den Seminaren<\/span><\/a><\/div>[\/vc_column][\/vc_row][vc_row][vc_column][vc_column_text css=&#8221;.vc_custom_1773653331576{padding-top: 75px !important;}&#8221; text_style=&#8221;leader-text&#8221; el_id=&#8221;hauptprogramm&#8221;]<\/p>\n<h2 style=\"text-align: center;\"><span style=\"text-decoration: underline;\">Hauptprogramm<\/span><\/h2>\n<p>[\/vc_column_text][vc_column_text css=&#8221;&#8221; el_id=&#8221;hauptprogramm&#8221;]<div data-post-id=\"5443\" class=\"insert-page insert-page-5443 \"><style type=\"text\/css\" data-type=\"vc_shortcodes-custom-css\">.vc_custom_1598441873523{margin-top: 20px !important;padding-top: 10px !important;padding-bottom: 20px !important;background-color: #eaeaea !important;}.vc_custom_1642684235891{margin-top: 10px !important;margin-bottom: 10px !important;padding-top: 10px !important;padding-bottom: 10px !important;background-color: #e7e7e7 !important;}.vc_custom_1642690651484{margin-top: 10px !important;padding-top: 10px !important;padding-bottom: 10px !important;background-color: #eaeaea !important;}.vc_custom_1675937589881{margin-top: 10px !important;padding-top: 10px !important;padding-bottom: 10px !important;background-color: #b6d6a2 !important;}.vc_custom_1598441895690{margin-top: 10px !important;padding-top: 10px !important;padding-bottom: 10px !important;background-color: #eaeaea !important;}.vc_custom_1642690651484{margin-top: 10px !important;padding-top: 10px !important;padding-bottom: 10px !important;background-color: #eaeaea !important;}.vc_custom_1675937603677{margin-top: 10px !important;padding-top: 10px !important;padding-bottom: 10px !important;background-color: #b6d6a2 !important;}.vc_custom_1598441895690{margin-top: 10px !important;padding-top: 10px !important;padding-bottom: 10px !important;background-color: #eaeaea !important;}.vc_custom_1598441895690{margin-top: 10px !important;padding-top: 10px !important;padding-bottom: 10px !important;background-color: #eaeaea !important;}.vc_custom_1642690921188{margin-top: 10px !important;margin-bottom: 10px !important;padding-top: 10px !important;padding-bottom: 10px !important;background-color: #e7e7e7 !important;}.vc_custom_1642690921188{margin-top: 10px !important;margin-bottom: 10px !important;padding-top: 10px !important;padding-bottom: 10px !important;background-color: #e7e7e7 !important;}.vc_custom_1706715839912{margin-top: 10px !important;padding-top: 10px !important;padding-bottom: 10px !important;background-color: #eaeaea !important;}.vc_custom_1766498178185{padding-top: 10px !important;}.vc_custom_1706784441588{padding-top: 10px !important;}.vc_custom_1766498423221{padding-top: 10px !important;}.vc_custom_1766498270821{padding-top: 10px !important;}.vc_custom_1773655395814{padding-top: 10px !important;}.vc_custom_1766498354143{padding-top: 10px !important;}.vc_custom_1766498459102{padding-top: 10px !important;}.vc_custom_1766498493205{padding-top: 10px !important;}.vc_custom_1766498539556{padding-top: 10px !important;}.vc_custom_1773655435786{padding-top: 10px !important;}.vc_custom_1766498637376{padding-top: 10px !important;}.vc_custom_1773655463806{padding-top: 10px !important;}.vc_custom_1675937373005{padding-top: 10px !important;}.vc_custom_1734953783172{margin-bottom: 10px !important;padding-top: 10px !important;padding-bottom: 10px !important;}<\/style><div class=\"wpb-content-wrapper\"><p>[vc_row bg_type=&#8221;color&#8221; header_feature=&#8221;yes&#8221; desktop_visibility=&#8221;hide&#8221; tablet_visibility=&#8221;hide&#8221; tablet_sm_visibility=&#8221;hide&#8221; mobile_visibility=&#8221;hide&#8221; bg_color=&#8221;rgba(190,214,179,0.62)&#8221;][vc_column][vc_column_text]<b><div class=\"stm_zoom_wrapper\">\t\t\t<div class=\"stm_zoom_content\">\n\t\t\t\t\t\t\t\t<div class=\"zoom_content\">\n\t\t\t\t\t<div class=\"zoom_info\">\n\t\t\t\t\t\t<h2>HAUPTPROGRAMM &#8211; 8. Z\u00fcchtertagung<\/h2>\n\t\t\t\t\t\t\t\t\t\t\t\t\t<div class=\"date\">\n\t\t\t\t\t\t\t\t<span>Webinar date <\/span>\n\t\t\t\t\t\t\t\t<b>\n\t\t\t\t\t\t\t\t\tOctober 29, 2022 7:25 am\t\t\t\t\t\t\t\t<\/b>\n\t\t\t\t\t\t\t<\/div>\n\t\t\t\t\t\t\t\t\t\t\t\t<div class=\"stm-calendar-links\">\n\t\t\t\t\t\t\t<span>Add to:<\/span>\n\t\t\t\t\t\t\t<a href=\"https:\/\/calendar.google.com\/calendar\/render?action=TEMPLATE&#038;dates=20221029T052500Z\/20221029T134500Z&#038;text=HAUPTPROGRAMM%20%26%238211%3B%208.%20Z%C3%BCchtertagung&#038;details=%2B%20Zittern%2C%20Humpeln%2C%20Lahmen%20%E2%80%93%20von%20Ataxie%20bis%20Epilepsie%3B%20rassespezifische%2C%20genetische%20Ursachen%20f%C3%BCr%20motorische%20und%20neuronale%20Erkrankungen%20%2B%20Degenerative%20Myelopathie%20%E2%80%93%20Aktueller%20wissenschaftlicher%20Stand%20%2B%20Die%20Do%E2%80%98s%20%26%20Dont%E2%80%98s%20der%20Labordiagnostik%20f%C3%BCr%20Epileptiker%20%2B%20Gangwerkentwicklung%20und%20Wachstum%20beim%20Hund%20%2B%20Lahmheit%20beim%20Hund.%20Schon%20einmal%20an%20Infektionskrankheiten%20gedacht%3F%20%2B%20Die%20Mythen%20in%20der%20Hundef%C3%BCtterung&#038;location=&#038;sf=true&#038;output=xml\">Google Calendar<\/a>\n\t\t\t\t\t\t\t,\n\t\t\t\t\t\t\t<a href=\"https:\/\/zuechter.laboklin.com\/hund\/stm-zoom-webinar\/hauptprogramm-8-zuechtertagung\/?ical_export=1\t\t\t\t\t\t\t\t\" class=\"\" target=\"_blank\">\n\t\t\t\t\t\t\t\tiCal Export\t\t\t\t\t\t\t<\/a>\n\t\t\t\t\t\t<\/div>\n\t\t\t\t\t\t\t\t\t\t\t\t\t\t\t\t\t\t\t\t<a href=\"\n\t\t\t\t\t\t\thttps:\/\/zuechter.laboklin.com\/hund\/stm-zoom-webinar\/hauptprogramm-8-zuechtertagung\/?show_meeting=1\t\t\t\t\t\t\t\t\" class=\"btn stm-join-btn join_in_menu\" target=\"_blank\">\n\t\t\t\t\t\t\t\tJoin in browser\t\t\t\t\t\t\t<\/a>\n\t\t\t\t\t\t\t<a href=\"https:\/\/zoom.us\/j\/89193275727\" class=\"btn stm-join-btn outline\" target=\"_blank\">\n\t\t\t\t\t\t\t\tJoin in zoom app\t\t\t\t\t\t\t<\/a>\n\t\t\t\t\t\t\t\t\t\t\t<\/div>\n\t\t\t\t<\/div>\n\t\t\t\t<div class=\"zoom_description\">\n\t\t\t\t\t\t\t\t\t\t\t<div class=\"agenda\">\n\t\t\t\t\t\t\t+ Zittern, Humpeln, Lahmen \u2013 von Ataxie bis Epilepsie; rassespezifische, genetische Ursachen f\u00fcr motorische und neuronale Erkrankungen + Degenerative Myelopathie \u2013 Aktueller wissenschaftlicher Stand + Die Do\u2018s &amp; Dont\u2018s der Labordiagnostik f\u00fcr Epileptiker + Gangwerkentwicklung und Wachstum beim Hund + Lahmheit beim Hund. Schon einmal an Infektionskrankheiten gedacht? + Die Mythen in der Hundef\u00fctterung\t\t\t\t\t\t<\/div>\n\t\t\t\t\t\t\t\t\t\t<div id=\"zmmtg-root\"><\/div>\n\t\t\t\t\t<div id=\"aria-notify-area\"><\/div>\n\t\t\t\t<\/div>\n\t\t\t<\/div>\n\t\t\t<\/div><\/b>[\/vc_column_text][\/vc_column][\/vc_row][vc_row][vc_column width=&#8221;5\/6&#8243;][vc_column_text css=&#8221;&#8221;]<\/p>\n<h3><strong>Wir freuen uns, Ihnen hier das hei\u00dfersehnte Programm<br \/>\nzu unserem <span style=\"color: #e51e1e;\">12. Hundez\u00fcchtertag <\/span>&#8220;Lebensqualit\u00e4t f\u00fcr \u00e4ltere (Zucht-) Hunde&#8221; vorstellen zu d\u00fcrfen!<\/strong><\/h3>\n<p>[\/vc_column_text][vc_row_inner css=&#8221;.vc_custom_1598441873523{margin-top: 20px !important;padding-top: 10px !important;padding-bottom: 20px !important;background-color: #eaeaea !important;}&#8221;][vc_column_inner width=&#8221;1\/4&#8243;][vc_column_text css=&#8221;.vc_custom_1766498178185{padding-top: 10px !important;}&#8221;]<\/p>\n<h5 style=\"text-align: left;\">08 : 30 Uhr<\/h5>\n<p>[\/vc_column_text][\/vc_column_inner][vc_column_inner width=&#8221;3\/4&#8243;][vc_column_text css=&#8221;.vc_custom_1706784441588{padding-top: 10px !important;}&#8221;]<strong>Begr\u00fc\u00dfung<\/strong>[\/vc_column_text][\/vc_column_inner][\/vc_row_inner][vc_row_inner css=&#8221;.vc_custom_1642684235891{margin-top: 10px !important;margin-bottom: 10px !important;padding-top: 10px !important;padding-bottom: 10px !important;background-color: #e7e7e7 !important;}&#8221;][vc_column_inner width=&#8221;1\/4&#8243;][vc_column_text css=&#8221;&#8221;]<\/p>\n<h5>08 : 35 &#8211; 09 : 15 Uhr<\/h5>\n<p>[\/vc_column_text][\/vc_column_inner][vc_column_inner width=&#8221;3\/4&#8243;][vc_column_text css=&#8221;.vc_custom_1766498423221{padding-top: 10px !important;}&#8221;]<strong>1. Was gibt\u2019s Neues bei Labogen? Genetic news direkt aus dem Labor!<\/strong><\/p>\n<h5><span style=\"color: #ff0000;\">Dipl. Biol. Hubert Bauer | Laboklin<\/span><\/h5>\n<p>[\/vc_column_text][\/vc_column_inner][\/vc_row_inner][vc_row_inner css=&#8221;.vc_custom_1642690651484{margin-top: 10px !important;padding-top: 10px !important;padding-bottom: 10px !important;background-color: #eaeaea !important;}&#8221;][vc_column_inner width=&#8221;1\/4&#8243;][vc_column_text css=&#8221;.vc_custom_1766498270821{padding-top: 10px !important;}&#8221;]<\/p>\n<h5>09 : 15 &#8211; 10 : 25 Uhr<\/h5>\n<p>[\/vc_column_text][\/vc_column_inner][vc_column_inner width=&#8221;3\/4&#8243;][vc_column_text css=&#8221;.vc_custom_1773655395814{padding-top: 10px !important;}&#8221;]<strong>2. Typische Krankheiten unserer Hundesenioren \u2013 was sagt uns das Blut?<\/strong><\/p>\n<h5><span style=\"color: #ff0000;\">Lena Meyer &amp; Dr. Angelika Drensler | Laboklin<\/span><\/h5>\n<p>[\/vc_column_text][\/vc_column_inner][\/vc_row_inner][vc_row_inner css=&#8221;.vc_custom_1675937589881{margin-top: 10px !important;padding-top: 10px !important;padding-bottom: 10px !important;background-color: #b6d6a2 !important;}&#8221;][vc_column_inner width=&#8221;1\/4&#8243;][vc_column_text css=&#8221;&#8221;]<\/p>\n<h5>10 : 25 &#8211; 10 : 35 Uhr<\/h5>\n<p>[\/vc_column_text][\/vc_column_inner][vc_column_inner width=&#8221;3\/4&#8243;][vc_column_text]<\/p>\n<h5><span style=\"color: #000000;\">PAUSE<\/span><\/h5>\n<p>[\/vc_column_text][\/vc_column_inner][\/vc_row_inner][vc_row_inner css=&#8221;.vc_custom_1598441895690{margin-top: 10px !important;padding-top: 10px !important;padding-bottom: 10px !important;background-color: #eaeaea !important;}&#8221;][vc_column_inner width=&#8221;1\/4&#8243;][vc_column_text css=&#8221;.vc_custom_1766498354143{padding-top: 10px !important;}&#8221;]<\/p>\n<h5>10 : 35 &#8211; 11 : 15 Uhr<\/h5>\n<p>[\/vc_column_text][\/vc_column_inner][vc_column_inner width=&#8221;3\/4&#8243;][vc_column_text css=&#8221;&#8221;]<strong>3. Kognitive Dysfunktion &#8211; Herausforderung f\u00fcr Hund und Herrchen\/Frauchen<\/strong><\/p>\n<h5><span style=\"color: #ff0000;\">Dr. Nina Meyerhoff<\/span><\/h5>\n<p>[\/vc_column_text][\/vc_column_inner][\/vc_row_inner][vc_row_inner css=&#8221;.vc_custom_1642690651484{margin-top: 10px !important;padding-top: 10px !important;padding-bottom: 10px !important;background-color: #eaeaea !important;}&#8221;][vc_column_inner width=&#8221;1\/4&#8243;][vc_column_text css=&#8221;.vc_custom_1766498459102{padding-top: 10px !important;}&#8221;]<\/p>\n<h5>11 : 15 &#8211; 11 : 55 Uhr<\/h5>\n<p>[\/vc_column_text][\/vc_column_inner][vc_column_inner width=&#8221;3\/4&#8243;][vc_column_text css=&#8221;.vc_custom_1766498493205{padding-top: 10px !important;}&#8221;]<strong>4. Wichtige S\u00e4ulen der seniorengerechten Ern\u00e4hrung<\/strong><\/p>\n<h5><span style=\"color: #ff0000;\">Dr. Britta Kiefer-Hecker | Hills<\/span><\/h5>\n<p>[\/vc_column_text][\/vc_column_inner][\/vc_row_inner][vc_row_inner css=&#8221;.vc_custom_1675937603677{margin-top: 10px !important;padding-top: 10px !important;padding-bottom: 10px !important;background-color: #b6d6a2 !important;}&#8221;][vc_column_inner width=&#8221;1\/4&#8243;][vc_column_text css=&#8221;&#8221;]<\/p>\n<h5>11 : 55 &#8211; 12 : 25 Uhr<\/h5>\n<p>[\/vc_column_text][\/vc_column_inner][vc_column_inner width=&#8221;3\/4&#8243;][vc_column_text]<\/p>\n<h5><span style=\"color: #000000;\">PAUSE<\/span><\/h5>\n<p>[\/vc_column_text][\/vc_column_inner][\/vc_row_inner][vc_row_inner css=&#8221;.vc_custom_1598441895690{margin-top: 10px !important;padding-top: 10px !important;padding-bottom: 10px !important;background-color: #eaeaea !important;}&#8221;][vc_column_inner width=&#8221;1\/4&#8243;][vc_column_text css=&#8221;.vc_custom_1766498539556{padding-top: 10px !important;}&#8221;]<\/p>\n<h5>12 : 25 &#8211; 13 : 05 Uhr<\/h5>\n<p>[\/vc_column_text][\/vc_column_inner][vc_column_inner width=&#8221;3\/4&#8243;][vc_column_text css=&#8221;.vc_custom_1773655435786{padding-top: 10px !important;}&#8221;]<strong>5. Omega 3 &#8211; Ein Hundeleben lang<\/strong><\/p>\n<h5><span style=\"color: #ff0000;\">Dr. Janey May | Foten<\/span><\/h5>\n<p>[\/vc_column_text][\/vc_column_inner][\/vc_row_inner][vc_row_inner css=&#8221;.vc_custom_1598441895690{margin-top: 10px !important;padding-top: 10px !important;padding-bottom: 10px !important;background-color: #eaeaea !important;}&#8221;][vc_column_inner width=&#8221;1\/4&#8243;][vc_column_text css=&#8221;.vc_custom_1766498637376{padding-top: 10px !important;}&#8221;]<\/p>\n<h5>13 : 05 &#8211; 13 : 55 Uhr<\/h5>\n<p>[\/vc_column_text][\/vc_column_inner][vc_column_inner width=&#8221;3\/4&#8243;][vc_column_text css=&#8221;.vc_custom_1773655463806{padding-top: 10px !important;}&#8221;]<strong>6. Einfach alt oder doch krank? Herzerkrankungen bei \u00e4lteren Hunden<\/strong><\/p>\n<h5><span style=\"color: #ff0000;\">Dr. Sonja Schiller-Gaab<\/span><\/h5>\n<p>[\/vc_column_text][\/vc_column_inner][\/vc_row_inner][vc_row_inner css=&#8221;.vc_custom_1642690921188{margin-top: 10px !important;margin-bottom: 10px !important;padding-top: 10px !important;padding-bottom: 10px !important;background-color: #e7e7e7 !important;}&#8221;][vc_column_inner width=&#8221;1\/4&#8243;][vc_column_text css=&#8221;&#8221;]<\/p>\n<h5>13 : 55 &#8211; 14 : 15 Uhr<\/h5>\n<p>[\/vc_column_text][\/vc_column_inner][vc_column_inner width=&#8221;3\/4&#8243;][vc_column_text css=&#8221;&#8221;]<strong>7. Was kommt zuletzt? Lebensqualit\u00e4t und Lebensende<\/strong><\/p>\n<h5><span style=\"color: #ff0000;\">Dr. Angelika Drensler | Laboklin<\/span><\/h5>\n<p>[\/vc_column_text][\/vc_column_inner][\/vc_row_inner][vc_row_inner css=&#8221;.vc_custom_1642690921188{margin-top: 10px !important;margin-bottom: 10px !important;padding-top: 10px !important;padding-bottom: 10px !important;background-color: #e7e7e7 !important;}&#8221;][vc_column_inner width=&#8221;1\/4&#8243;][vc_column_text css=&#8221;&#8221;]<\/p>\n<h5>14 : 15 &#8211; 15 : 00 Uhr<\/h5>\n<p>[\/vc_column_text][\/vc_column_inner][vc_column_inner width=&#8221;3\/4&#8243;][vc_column_text css=&#8221;&#8221;]<strong>Diskussion mit allen Referenten des Hauptprogramms<\/strong>[\/vc_column_text][\/vc_column_inner][\/vc_row_inner][vc_row_inner css=&#8221;.vc_custom_1706715839912{margin-top: 10px !important;padding-top: 10px !important;padding-bottom: 10px !important;background-color: #eaeaea !important;}&#8221;][vc_column_inner width=&#8221;1\/4&#8243;][vc_column_text css=&#8221;.vc_custom_1675937373005{padding-top: 10px !important;}&#8221;]<\/p>\n<h5>\u00a015 : 00 Uhr<\/h5>\n<p>[\/vc_column_text][\/vc_column_inner][vc_column_inner width=&#8221;3\/4&#8243;][vc_column_text css=&#8221;.vc_custom_1734953783172{margin-bottom: 10px !important;padding-top: 10px !important;padding-bottom: 10px !important;}&#8221;]<strong>Verabschiedung<\/strong>[\/vc_column_text][\/vc_column_inner][\/vc_row_inner][\/vc_column][vc_column width=&#8221;1\/6&#8243;][\/vc_column][\/vc_row]<\/p>\n<\/div><\/div>[\/vc_column_text][\/vc_column][\/vc_row][vc_row el_class=&#8221;seminare&#8221;][vc_column][vc_column_text css=&#8221;.vc_custom_1773653338884{padding-top: 75px !important;}&#8221; text_style=&#8221;leader-text&#8221; el_id=&#8221;seminare&#8221;]<\/p>\n<h2 style=\"text-align: center;\"><span style=\"text-decoration: underline;\">Seminare<\/span><\/h2>\n<p>[\/vc_column_text][vc_column_text css=&#8221;&#8221;]<div data-post-id=\"6445\" class=\"insert-page insert-page-6445 \"><div class=\"wpb-content-wrapper\"><p>[vc_row][vc_column][vc_column_text css=&#8221;&#8221;]<\/p>\n<h3><strong><span style=\"color: #e10018;\">Seminar 1 <\/span><\/strong><\/h3>\n<h3>Der Deckvertrag &#8211; juristisches Seminar<\/h3>\n<p>Vertr\u00e4ge k\u00f6nnen es in sich haben. Nicht nur in Kaufvertr\u00e4gen k\u00f6nnen Stolperfallen versteckt sein. Auch beim Abschluss eines Deckvertrages sollte man sich vorher \u00fcber die juristischen Feinheiten informiert haben. Was es dabei, sowohl f\u00fcr den Besitzer des R\u00fcden als auch f\u00fcr den Z\u00fcchter, zu beachten gibt, will der Rechtsanwalt Andreas Ackenheil in seinem Seminar erkl\u00e4ren.<\/p>\n<p><strong>15 : 30 &#8211; 17 : 30 Uhr<\/strong><\/p>\n<p><strong><span style=\"color: #e10018;\">Rechtsanwalt Andreas Ackenheil<\/span><\/strong><\/p>\n<p>_________________________________________________________________________________________________________________<\/p>\n<h3><strong><span style=\"color: #e10018;\">Seminar 2<\/span><\/strong><\/h3>\n<h3><strong>Was k\u00f6nnen Hunde und was k\u00f6nnen sie nicht? Das Neueste aus der Kognitionsforschung<\/strong><\/h3>\n<p>Wir alle wissen l\u00e4ngst, dass unsere Hunde viel mehr verstehen und lernen k\u00f6nnen, als wir ihnen fr\u00fcher zugetraut haben. Mit diesem Thema besch\u00e4ftigt sich die Kognitionsforschung.<br \/>\nDr. Katrin Hagmann, die vielen schon aus unseren Z\u00fcchterseminaren in 2025 bekannt ist, will Ihnen das Neueste aus diesem spannenden Forschungsgebiet erz\u00e4hlen.<\/p>\n<p><strong>15 : 30 &#8211; 17 : 30 Uhr<\/strong><\/p>\n<p><strong><span style=\"color: #e10018;\">Dr. Katrin Hagmann\u00a0<\/span><\/strong><\/p>\n<p>_________________________________________________________________________________________________________________<\/p>\n<h3><strong><span style=\"color: #e10018;\">Seminar 3<\/span><\/strong><\/h3>\n<h3>Komplikationen rund um die Geburt<\/h3>\n<p>Jeder w\u00fcnscht sich, dass die n\u00e4chste Geburt seiner H\u00fcndin reibungslos verl\u00e4uft und gesunde Welpen geboren werden.<br \/>\nDoch nicht immer geht der Wunsch in Erf\u00fcllung. Welche Geburtskomplikationen muss ich bef\u00fcrchten und wie kann ich am besten reagieren?<br \/>\nAntworten auf diese Fragen gibt uns Frau Prof. Dr. Sandra Goericke-Pesch von der Tier\u00e4rztlichen Hochschule Hannover.<\/p>\n<p><strong>15 : 30 &#8211; 17 : 30 Uhr<\/strong><\/p>\n<p><strong><span style=\"color: #e10018;\">Prof. Dr. Sandra Goericke-Pesch\u00a0<\/span><\/strong><\/p>\n<p>_________________________________________________________________________________________________________________<\/p>\n<h3><span style=\"color: #e51e1e;\"><strong>Seminar 4<\/strong><\/span><\/h3>\n<h3>Die Epigenetik des Hundes &#8211; wie Umwelt, Training und Zuchtumfeld die Gene pr\u00e4gen<\/h3>\n<p>Die Epigenetik ist ein relativ neues Wissensgebiet, doch schon in aller Munde, nicht zuletzt, weil der Neurobiologe Dr. Peter Spork uns dieses hochkomplexe Thema in einer gut verst\u00e4ndlichen Art und Weise erkl\u00e4rt. Anschaulich wird er Ihnen darlegen, wie Sie durch den Umgang mit Ihren Hunden bewirken k\u00f6nnen, dass Genetik und Epigenetik bestm\u00f6glich zusammenarbeiten.<\/p>\n<p><strong>15 : 30 &#8211; 17 : 30 Uhr<\/strong><\/p>\n<p><span style=\"color: #e51e1e;\"><strong>Dr. Peter Spork<\/strong><\/span>[\/vc_column_text][\/vc_column][\/vc_row]<\/p>\n<\/div><\/div>[\/vc_column_text]<div class=\"eut-element eut-hr \" style=\"\"><div class=\"eut-dashed-line-divider\"><\/div><\/div>[\/vc_column][\/vc_row][vc_row flex_height=&#8221;yes&#8221; middle_content=&#8221;yes&#8221; tablet_portrait_equal_columns=&#8221;inherit&#8221; tablet_sm_visibility=&#8221;hide&#8221; padding_top=&#8221;-100&#8243;][vc_column width=&#8221;2\/3&#8243;][vc_column_text css=&#8221;&#8221;]<\/p>\n<div style=\"text-align: left;\" align=\"justify\">Wir suchen immer nach Themen f\u00fcr Fortbildungen, die wir f\u00fcr Sie gestalten.<\/div>\n<div style=\"text-align: left;\" align=\"justify\"><strong><span style=\"color: #e51e1e;\">Haben Sie Ideen?<\/span>\u00a0<\/strong><\/div>\n<div style=\"text-align: left;\" align=\"justify\">\n<p>Welches Thema rund um Ihre Rasse interessiert Sie brennend?<\/p>\n<div align=\"justify\">\n<p>Kontaktieren Sie uns per E-Mail unter <strong><a href=\"mailto:labogen@laboklin.com\"><span style=\"color: #e51e1e;\">labogen@laboklin.com<\/span><\/a><\/strong>\u00a0oder telefonisch unter <strong><strong>0971\/72025005.<\/strong><\/strong><\/p>\n<\/div>\n<\/div>\n<div style=\"text-align: left;\" align=\"justify\">\n<p>Wir sind gerne f\u00fcr Sie da und freuen uns auf Sie!<\/p>\n<\/div>\n<p style=\"text-align: left;\">Ihr Labogen-Team<\/p>\n<p>[\/vc_column_text][\/vc_column][vc_column width=&#8221;1\/3&#8243;]<div class=\"eut-element eut-box eut-align-center eut-animated-item eut-fadeInLeft\" style=\"\" data-delay=\"100\"><div class=\"eut-media\"><img loading=\"lazy\" decoding=\"async\" width=\"2560\" height=\"1707\" src=\"https:\/\/zuechter.laboklin.com\/hund\/wp-content\/uploads\/sites\/8\/2026\/01\/SarahMaas-scaled.jpg\" class=\"attachment-full size-full\" alt=\"\" srcset=\"https:\/\/zuechter.laboklin.com\/hund\/wp-content\/uploads\/sites\/8\/2026\/01\/SarahMaas-scaled.jpg 2560w, https:\/\/zuechter.laboklin.com\/hund\/wp-content\/uploads\/sites\/8\/2026\/01\/SarahMaas-300x200.jpg 300w, https:\/\/zuechter.laboklin.com\/hund\/wp-content\/uploads\/sites\/8\/2026\/01\/SarahMaas-1024x683.jpg 1024w, https:\/\/zuechter.laboklin.com\/hund\/wp-content\/uploads\/sites\/8\/2026\/01\/SarahMaas-768x512.jpg 768w, https:\/\/zuechter.laboklin.com\/hund\/wp-content\/uploads\/sites\/8\/2026\/01\/SarahMaas-1536x1024.jpg 1536w, https:\/\/zuechter.laboklin.com\/hund\/wp-content\/uploads\/sites\/8\/2026\/01\/SarahMaas-1920x1280.jpg 1920w\" sizes=\"auto, (max-width: 2560px) 100vw, 2560px\" \/><\/div>  <div class=\"eut-box-content\">    <p><\/p>  <\/div><\/div>[\/vc_column][\/vc_row][vc_row][vc_column]<div class=\"eut-element eut-hr \" style=\"padding-bottom: 50px;\"><div class=\"eut-dashed-line-divider\"><\/div><\/div>[vc_column_text css=&#8221;.vc_custom_1773653413228{margin-bottom: -100px !important;border-bottom-width: -100px !important;padding-bottom: -100px !important;}&#8221;]<\/p>\n<h4 style=\"text-align: center;\">Mit freundlicher Unterst\u00fctzung von:<\/h4>\n<p>[\/vc_column_text][\/vc_column][\/vc_row]<\/p>\n<\/div>","protected":false},"excerpt":{"rendered":"<p>[vc_row flex_height=&#8221;yes&#8221; middle_content=&#8221;yes&#8221; desktop_visibility=&#8221;hide&#8221; tablet_visibility=&#8221;hide&#8221; tablet_sm_visibility=&#8221;hide&#8221; mobile_visibility=&#8221;hide&#8221;][vc_column width=&#8221;1\/2&#8243;][\/vc_column][vc_column width=&#8221;1\/2&#8243;][\/vc_column][\/vc_row][vc_row][vc_column][vc_column_text css=&#8221;.vc_custom_1773653331576{padding-top: 75px !important;}&#8221; text_style=&#8221;leader-text&#8221; el_id=&#8221;hauptprogramm&#8221;] Hauptprogramm [\/vc_column_text][vc_column_text css=&#8221;&#8221; el_id=&#8221;hauptprogramm&#8221;][\/vc_column_text][\/vc_column][\/vc_row][vc_row el_class=&#8221;seminare&#8221;][vc_column][vc_column_text css=&#8221;.vc_custom_1773653338884{padding-top: 75px !important;}&#8221; text_style=&#8221;leader-text&#8221; el_id=&#8221;seminare&#8221;] Seminare [\/vc_column_text][vc_column_text css=&#8221;&#8221;][\/vc_column_text][\/vc_column][\/vc_row][vc_row flex_height=&#8221;yes&#8221; middle_content=&#8221;yes&#8221; tablet_portrait_equal_columns=&#8221;inherit&#8221; tablet_sm_visibility=&#8221;hide&#8221; padding_top=&#8221;-100&#8243;][vc_column width=&#8221;2\/3&#8243;][vc_column_text css=&#8221;&#8221;] Wir suchen immer nach Themen f\u00fcr Fortbildungen, die wir f\u00fcr Sie gestalten. Haben Sie Ideen?\u00a0 Welches Thema rund um Ihre Rasse [&hellip;]<\/p>\n","protected":false},"author":1,"featured_media":0,"parent":0,"menu_order":0,"comment_status":"closed","ping_status":"closed","template":"","meta":{"footnotes":""},"class_list":["post-6","page","type-page","status-publish","hentry"],"_links":{"self":[{"href":"https:\/\/zuechter.laboklin.com\/hund\/wp-json\/wp\/v2\/pages\/6","targetHints":{"allow":["GET"]}}],"collection":[{"href":"https:\/\/zuechter.laboklin.com\/hund\/wp-json\/wp\/v2\/pages"}],"about":[{"href":"https:\/\/zuechter.laboklin.com\/hund\/wp-json\/wp\/v2\/types\/page"}],"author":[{"embeddable":true,"href":"https:\/\/zuechter.laboklin.com\/hund\/wp-json\/wp\/v2\/users\/1"}],"replies":[{"embeddable":true,"href":"https:\/\/zuechter.laboklin.com\/hund\/wp-json\/wp\/v2\/comments?post=6"}],"version-history":[{"count":96,"href":"https:\/\/zuechter.laboklin.com\/hund\/wp-json\/wp\/v2\/pages\/6\/revisions"}],"predecessor-version":[{"id":9108,"href":"https:\/\/zuechter.laboklin.com\/hund\/wp-json\/wp\/v2\/pages\/6\/revisions\/9108"}],"wp:attachment":[{"href":"https:\/\/zuechter.laboklin.com\/hund\/wp-json\/wp\/v2\/media?parent=6"}],"curies":[{"name":"wp","href":"https:\/\/api.w.org\/{rel}","templated":true}]}}