{"id":6445,"date":"2024-02-01T10:57:24","date_gmt":"2024-02-01T09:57:24","guid":{"rendered":"https:\/\/zuechtertag.laboklin.com\/?page_id=6445"},"modified":"2026-03-16T10:09:04","modified_gmt":"2026-03-16T09:09:04","slug":"seminare","status":"publish","type":"page","link":"https:\/\/zuechter.laboklin.com\/hund\/seminare\/","title":{"rendered":"Seminare"},"content":{"rendered":"<div class=\"wpb-content-wrapper\"><p>[vc_row][vc_column][vc_column_text css=&#8221;&#8221;]<\/p>\n<h3><strong><span style=\"color: #e10018;\">Seminar 1 <\/span><\/strong><\/h3>\n<h3>Der Deckvertrag &#8211; juristisches Seminar<\/h3>\n<p>Vertr\u00e4ge k\u00f6nnen es in sich haben. Nicht nur in Kaufvertr\u00e4gen k\u00f6nnen Stolperfallen versteckt sein. Auch beim Abschluss eines Deckvertrages sollte man sich vorher \u00fcber die juristischen Feinheiten informiert haben. Was es dabei, sowohl f\u00fcr den Besitzer des R\u00fcden als auch f\u00fcr den Z\u00fcchter, zu beachten gibt, will der Rechtsanwalt Andreas Ackenheil in seinem Seminar erkl\u00e4ren.<\/p>\n<p><strong>15 : 30 &#8211; 17 : 30 Uhr<\/strong><\/p>\n<p><strong><span style=\"color: #e10018;\">Rechtsanwalt Andreas Ackenheil<\/span><\/strong><\/p>\n<p>_________________________________________________________________________________________________________________<\/p>\n<h3><strong><span style=\"color: #e10018;\">Seminar 2<\/span><\/strong><\/h3>\n<h3><strong>Was k\u00f6nnen Hunde und was k\u00f6nnen sie nicht? Das Neueste aus der Kognitionsforschung<\/strong><\/h3>\n<p>Wir alle wissen l\u00e4ngst, dass unsere Hunde viel mehr verstehen und lernen k\u00f6nnen, als wir ihnen fr\u00fcher zugetraut haben. Mit diesem Thema besch\u00e4ftigt sich die Kognitionsforschung.<br \/>\nDr. Katrin Hagmann, die vielen schon aus unseren Z\u00fcchterseminaren in 2025 bekannt ist, will Ihnen das Neueste aus diesem spannenden Forschungsgebiet erz\u00e4hlen.<\/p>\n<p><strong>15 : 30 &#8211; 17 : 30 Uhr<\/strong><\/p>\n<p><strong><span style=\"color: #e10018;\">Dr. Katrin Hagmann\u00a0<\/span><\/strong><\/p>\n<p>_________________________________________________________________________________________________________________<\/p>\n<h3><strong><span style=\"color: #e10018;\">Seminar 3<\/span><\/strong><\/h3>\n<h3>Komplikationen rund um die Geburt<\/h3>\n<p>Jeder w\u00fcnscht sich, dass die n\u00e4chste Geburt seiner H\u00fcndin reibungslos verl\u00e4uft und gesunde Welpen geboren werden.<br \/>\nDoch nicht immer geht der Wunsch in Erf\u00fcllung. Welche Geburtskomplikationen muss ich bef\u00fcrchten und wie kann ich am besten reagieren?<br \/>\nAntworten auf diese Fragen gibt uns Frau Prof. Dr. Sandra Goericke-Pesch von der Tier\u00e4rztlichen Hochschule Hannover.<\/p>\n<p><strong>15 : 30 &#8211; 17 : 30 Uhr<\/strong><\/p>\n<p><strong><span style=\"color: #e10018;\">Prof. Dr. Sandra Goericke-Pesch\u00a0<\/span><\/strong><\/p>\n<p>_________________________________________________________________________________________________________________<\/p>\n<h3><span style=\"color: #e51e1e;\"><strong>Seminar 4<\/strong><\/span><\/h3>\n<h3>Die Epigenetik des Hundes &#8211; wie Umwelt, Training und Zuchtumfeld die Gene pr\u00e4gen<\/h3>\n<p>Die Epigenetik ist ein relativ neues Wissensgebiet, doch schon in aller Munde, nicht zuletzt, weil der Neurobiologe Dr. Peter Spork uns dieses hochkomplexe Thema in einer gut verst\u00e4ndlichen Art und Weise erkl\u00e4rt. Anschaulich wird er Ihnen darlegen, wie Sie durch den Umgang mit Ihren Hunden bewirken k\u00f6nnen, dass Genetik und Epigenetik bestm\u00f6glich zusammenarbeiten.<\/p>\n<p><strong>15 : 30 &#8211; 17 : 30 Uhr<\/strong><\/p>\n<p><span style=\"color: #e51e1e;\"><strong>Dr. Peter Spork<\/strong><\/span>[\/vc_column_text][\/vc_column][\/vc_row]<\/p>\n<\/div>","protected":false},"excerpt":{"rendered":"<p>[vc_row][vc_column][vc_column_text css=&#8221;&#8221;] Seminar 1 Der Deckvertrag &#8211; juristisches Seminar Vertr\u00e4ge k\u00f6nnen es in sich haben. Nicht nur in Kaufvertr\u00e4gen k\u00f6nnen Stolperfallen versteckt sein. Auch beim Abschluss eines Deckvertrages sollte man sich vorher \u00fcber die juristischen Feinheiten informiert haben. Was es dabei, sowohl f\u00fcr den Besitzer des R\u00fcden als auch f\u00fcr den Z\u00fcchter, zu beachten gibt, [&hellip;]<\/p>\n","protected":false},"author":3,"featured_media":0,"parent":0,"menu_order":0,"comment_status":"closed","ping_status":"closed","template":"","meta":{"footnotes":""},"class_list":["post-6445","page","type-page","status-publish","hentry"],"_links":{"self":[{"href":"https:\/\/zuechter.laboklin.com\/hund\/wp-json\/wp\/v2\/pages\/6445","targetHints":{"allow":["GET"]}}],"collection":[{"href":"https:\/\/zuechter.laboklin.com\/hund\/wp-json\/wp\/v2\/pages"}],"about":[{"href":"https:\/\/zuechter.laboklin.com\/hund\/wp-json\/wp\/v2\/types\/page"}],"author":[{"embeddable":true,"href":"https:\/\/zuechter.laboklin.com\/hund\/wp-json\/wp\/v2\/users\/3"}],"replies":[{"embeddable":true,"href":"https:\/\/zuechter.laboklin.com\/hund\/wp-json\/wp\/v2\/comments?post=6445"}],"version-history":[{"count":25,"href":"https:\/\/zuechter.laboklin.com\/hund\/wp-json\/wp\/v2\/pages\/6445\/revisions"}],"predecessor-version":[{"id":9099,"href":"https:\/\/zuechter.laboklin.com\/hund\/wp-json\/wp\/v2\/pages\/6445\/revisions\/9099"}],"wp:attachment":[{"href":"https:\/\/zuechter.laboklin.com\/hund\/wp-json\/wp\/v2\/media?parent=6445"}],"curies":[{"name":"wp","href":"https:\/\/api.w.org\/{rel}","templated":true}]}}