{"id":8,"date":"2020-08-25T15:11:31","date_gmt":"2020-08-25T13:11:31","guid":{"rendered":"https:\/\/zuechtertag.laboklin.com\/?page_id=8"},"modified":"2025-09-24T11:36:35","modified_gmt":"2025-09-24T09:36:35","slug":"kontakt","status":"publish","type":"page","link":"https:\/\/zuechter.laboklin.com\/hund\/kontakt\/","title":{"rendered":"Kontakt"},"content":{"rendered":"<div class=\"wpb-content-wrapper\">[vc_row flex_height=&#8221;yes&#8221;][vc_column width=&#8221;1\/2&#8243;][vc_column_text]<strong><img loading=\"lazy\" decoding=\"async\" class=\"alignnone wp-image-56\" src=\"https:\/\/zuechter.laboklin.com\/wp-content\/uploads\/sites\/8\/2020\/08\/LABOGEN_web-300x67.png\" alt=\"\" width=\"300\" height=\"67\" srcset=\"https:\/\/zuechter.laboklin.com\/hund\/wp-content\/uploads\/sites\/8\/2020\/08\/LABOGEN_web-300x67.png 300w, https:\/\/zuechter.laboklin.com\/hund\/wp-content\/uploads\/sites\/8\/2020\/08\/LABOGEN_web-500x112.png 500w, https:\/\/zuechter.laboklin.com\/hund\/wp-content\/uploads\/sites\/8\/2020\/08\/LABOGEN_web-768x171.png 768w, https:\/\/zuechter.laboklin.com\/hund\/wp-content\/uploads\/sites\/8\/2020\/08\/LABOGEN_web.png 820w\" sizes=\"auto, (max-width: 300px) 100vw, 300px\" \/><\/strong>\r\n\r\n<strong>ist ein Angebot der<\/strong>\r\n<strong>LABOKLIN GMBH &amp; CO.KG<\/strong>\r\n<strong>LABOR F\u00dcR KLINISCHE DIAGNOSTIK<\/strong>\r\nDr. Elisabeth M\u00fcller (Firmenleitung)\r\n\r\nSteubenstra\u00dfe 4\r\n97688 Bad Kissingen\r\n\r\n<hr \/>\r\n\r\n<strong>Telefon:\u00a0<\/strong>+49 (0)971 7202 5005<strong>\r\nFax:\u00a0<\/strong>+49 (0)971 68546<strong>\r\nE-Mail:<\/strong>\u00a0<a href=\"mailto:labogen@laboklin.com\">labogen@laboklin.com<\/a><strong>\r\n<\/strong>\r\n\r\n<hr \/>\r\n\r\n<strong>Wir sind f\u00fcr Sie da:\u00a0<\/strong>\r\nMontag bis Freitag: 09:00 \u2013 19:00\u00a0 Uhr\r\n\r\n[\/vc_column_text][\/vc_column][vc_column width=&#8221;1\/2&#8243; css=&#8221;.vc_custom_1746445962991{background-color: #ffffff !important;}&#8221;]\n            <div \n                class=\"elfsight-widget-form-builder elfsight-widget\" \n                data-elfsight-form-builder-options=\"%7B%22ei%22%3A%22%22%2C%22fields%22%3A%5B%7B%22type%22%3A%22caption%22%2C%22label%22%3A%22Paragraph%20Text%22%2C%22name%22%3A%22%22%2C%22placeholder%22%3A%22%22%2C%22options%22%3A%22Option%201%5CnOption%202%22%2C%22scaleNumbersMin%22%3A1%2C%22scaleNumbersMax%22%3A10%2C%22leftCaption%22%3A%22Not%20likely%22%2C%22rightCaption%22%3A%22Very%20likely%22%2C%22fileLinkCaption%22%3A%22Choose%20file%22%2C%22fileDragCaption%22%3A%22or%20drag%20%26%20drop%20here%22%2C%22text%22%3A%22%3Cstrong%3EBitte%20benutzen%20Sie%20dieses%20Formular%20nur%20f%5Cu00fcr%20%5CnFragen%20zu%20unseren%20Z%5Cu00fcchtertagsveranstaltungen.%20%3Cu%3EBei%20Fragen%20zu%20Befunden%20und%20Test%20%5Cnwenden%20Sie%20sich%20bitte%3C%5C%2Fu%3E%20an%3Ca%20href%3D%5C%22mailto%3A%5C%22%3E%26nbsp%3Blabogen%40laboklin.com%3C%5C%2Fa%3E%3C%5C%2Fstrong%3E%22%2C%22title%22%3A%22Heading%22%2C%22caption%22%3A%22%22%2C%22value%22%3A%22%22%2C%22labelText%22%3A%22Label%22%2C%22dateTime%22%3A%22date%22%2C%22dateFormat%22%3A%22d.m.Y%22%2C%22timeFormat%22%3A%22H%3Ai%22%2C%22starsCount%22%3A5%2C%22required%22%3Afalse%2C%22description%22%3A%22%22%2C%22columnWidth%22%3A100%2C%22elementColumnWidth%22%3A100%2C%22fileAllowedAll%22%3Atrue%2C%22fileAllowed%22%3A%5B%22.jpg%22%2C%22.jpeg%22%2C%22.png%22%2C%22.gif%22%2C%22.txt%22%2C%22.pdf%22%2C%22.doc%22%2C%22.docx%22%2C%22.pages%22%2C%22.numbers%22%2C%22.xls%22%2C%22.xlsx%22%2C%22.odt%22%2C%22.ppt%22%2C%22.pptx%22%2C%22.pps%22%2C%22.ppsx%22%2C%22.html%22%5D%2C%22fileMax%22%3A25%2C%22fields%22%3A%22%22%2C%22id%22%3A%22%5Bparagraph-text%5D%22%7D%2C%7B%22type%22%3A%22text%22%2C%22placeholder%22%3A%22%22%2C%22description%22%3A%22%22%2C%22label%22%3A%22Name%2C%20Vorname%22%2C%22required%22%3Afalse%2C%22columnWidth%22%3A50%2C%22id%22%3A%22%5Bname%2C-vorname%5D%22%7D%2C%7B%22type%22%3A%22email%22%2C%22label%22%3A%22E-Mail%22%2C%22description%22%3A%22%22%2C%22placeholder%22%3A%22%22%2C%22required%22%3Atrue%2C%22columnWidth%22%3A50%2C%22id%22%3A%22%5Be-mail%5D%22%7D%2C%7B%22type%22%3A%22phone%22%2C%22label%22%3A%22Telefon%22%2C%22placeholder%22%3A%22%22%2C%22description%22%3A%22%22%2C%22required%22%3Afalse%2C%22columnWidth%22%3A100%2C%22id%22%3A%22%5Btelefon%5D%22%7D%2C%7B%22type%22%3A%22textarea%22%2C%22label%22%3A%22Nachricht%20%5C%2F%20Anfrage%22%2C%22description%22%3A%22%22%2C%22placeholder%22%3A%22%22%2C%22required%22%3Atrue%2C%22columnWidth%22%3A100%2C%22id%22%3A%22%5Bnachricht-%5C%2F-anfrage%5D%22%7D%2C%7B%22type%22%3A%22file%22%2C%22label%22%3A%22Datei%20anh%5Cu00e4ngen%22%2C%22description%22%3A%22%22%2C%22fileLinkCaption%22%3A%22Datei%20w%5Cu00e4hlen%22%2C%22fileDragCaption%22%3A%22%20oder%20hier%20per%20Drag%20%26%20Drop%22%2C%22fileAllowedAll%22%3Afalse%2C%22fileMax%22%3A25%2C%22required%22%3Afalse%2C%22fileAllowed%22%3A%5B%22.jpg%22%2C%22.jpeg%22%2C%22.png%22%2C%22.gif%22%2C%22.txt%22%2C%22.pdf%22%2C%22.doc%22%2C%22.docx%22%2C%22.pages%22%2C%22.numbers%22%2C%22.xls%22%2C%22.xlsx%22%2C%22.odt%22%2C%22.ppt%22%2C%22.pptx%22%2C%22.pps%22%2C%22.ppsx%22%2C%22.html%22%5D%7D%5D%2C%22headerActive%22%3Atrue%2C%22headerTitle%22%3A%22Wenn%20Sie%20uns%20noch%20etwas%20fragen%20m%5Cu00f6chten%22%2C%22headerText%22%3A%22Hinterlassen%20Sie%20Ihre%20Nachricht%20und%20wir%20werden%20uns%20in%20K%5Cu00fcrze%20bei%20Ihnen%20melden.%3Cbr%3E%3Cbr%3E%22%2C%22headerPictureUrl%22%3A%22compose%22%2C%22footerText%22%3A%22E-Mail%3A%3Ca%20href%3D%5C%22mailto%3A%20webseminare%40laboklin.com%5C%22%3E%26nbsp%3Bwebseminare%40laboklin.com%3C%5C%2Fa%3E%22%2C%22actionAfterSubmit%22%3A%22message%22%2C%22successMessage%22%3A%22Ihre%20Nachricht%20wurde%20erfolgreich%20versandt%21%20%26lt%3Bbr%26gt%3BWir%20werden%20Ihnen%20in%20K%5Cu00fcrze%20antworten.%3Cdiv%3E%3Cbr%3E%3C%5C%2Fdiv%3E%3Cdiv%3ELABOGEN%20Team%3C%5C%2Fdiv%3E%22%2C%22successContinueText%22%3A%22OK%22%2C%22redirectUrl%22%3A%22https%3A%5C%2F%5C%2Fexample.com%22%2C%22submitText%22%3A%22Anfrage%20absenden%22%2C%22stepsMessagesDivider%22%3Anull%2C%22stepsMessagesTitle%22%3Anull%2C%22stepsText%22%3A%22step%20%251%20of%20%252%22%2C%22stepBackText%22%3A%22Back%22%2C%22stepNextText%22%3A%22Next%22%2C%22errorMessageAllRequired%22%3A%22%20Bitte%20f%5Cu00fcllen%20Sie%20alle%20erforderlichen%20Felder%20aus%22%2C%22errorMessageAllIncorrect%22%3A%22%20Bitte%20f%5Cu00fcllen%20Sie%20alle%20Felder%20richtig%20aus%22%2C%22errorMessageSetMailTo%22%3A%22Please%2C%20set%20the%20email%20to%20send%20messages%20to%22%2C%22errorMessageRequiredCaptcha%22%3A%22Please%2C%20enter%20the%20captcha%22%2C%22errorMessageFileSizeLimit%22%3A%22File%20size%20limit%20exceeded%22%2C%22errorMessageFileNotAllowed%22%3A%22File%20extension%20not%20allowed%22%2C%22errorMessageUnknown%22%3A%22Unknown%20error%22%2C%22errorMessageRequired%22%3A%22Pflichtfeld%22%2C%22errorMessageInvalid%22%3A%22Invalid%22%2C%22errorMessageInvalidEmail%22%3A%22Invalid%20email%22%2C%22errorMessageInvalidPhone%22%3A%22Invalid%20phone%20number%22%2C%22errorMessageInvalidUrl%22%3A%22Invalid%20URL%22%2C%22calendarWeekdaysShorthand%22%3A%22Sun%5CnMon%5CnTue%5CnWed%5CnThu%5CnFri%5CnSat%22%2C%22calendarMonthsLonghand%22%3A%22January%5CnFebruary%5CnMarch%5CnApril%5CnMay%5CnJune%5CnJuly%5CnAugust%5CnSeptember%5CnOctober%5CnNovember%5CnDecember%22%2C%22showProgress%22%3Atrue%2C%22recaptchaType%22%3A%22checkbox%22%2C%22integrationsGoogleToken%22%3A%22%22%2C%22integrationsGoogleSheetId%22%3A%22%22%2C%22layout%22%3A%22boxed%22%2C%22floatingIcon%22%3A%22support%22%2C%22floatingText%22%3A%22Support%22%2C%22floatingPosition%22%3A%22left%22%2C%22width%22%3A%22580%22%2C%22style%22%3A%22classic%22%2C%22mainColor%22%3A%22rgb%28250%2C%207%2C%207%29%22%2C%22apiUrl%22%3A%22https%3A%5C%2F%5C%2Fzuechter.laboklin.com%5C%2Fhund%5C%2Fwp-json%5C%2Felfsight-form-builder%5C%2Fapi%22%2C%22recaptchaKeyCheckbox%22%3A%226LfXGHgUAAAAAHNIE_EH7kEI1l4xvf_ynIlg5bfo%22%2C%22recaptchaKeyInvisible%22%3A%226Ld1CXgUAAAAAFTHmixC1Eo-NP7_3ddB1YOj9AfX%22%2C%22widgetId%22%3A%225%22%7D\" \n                data-elfsight-form-builder-version=\"1.5.1\"\n                data-elfsight-widget-id=\"elfsight-form-builder-5\">\n            <\/div>\n            [\/vc_column][\/vc_row]<!-- \/wp:post-content --><\/div>","protected":false},"excerpt":{"rendered":"<p>[vc_row flex_height=&#8221;yes&#8221;][vc_column width=&#8221;1\/2&#8243;][vc_column_text] ist ein Angebot der LABOKLIN GMBH &amp; CO.KG LABOR F\u00dcR KLINISCHE DIAGNOSTIK Dr. Elisabeth M\u00fcller (Firmenleitung) Steubenstra\u00dfe 4 97688 Bad Kissingen Telefon:\u00a0+49 (0)971 7202 5005 Fax:\u00a0+49 (0)971 68546 E-Mail:\u00a0labogen@laboklin.com Wir sind f\u00fcr Sie da:\u00a0 Montag bis Freitag: 09:00 \u2013 19:00\u00a0 Uhr [\/vc_column_text][\/vc_column][vc_column width=&#8221;1\/2&#8243; css=&#8221;.vc_custom_1746445962991{background-color: #ffffff !important;}&#8221;][\/vc_column][\/vc_row]<\/p>\n","protected":false},"author":1,"featured_media":0,"parent":0,"menu_order":0,"comment_status":"closed","ping_status":"closed","template":"","meta":{"footnotes":""},"class_list":["post-8","page","type-page","status-publish","hentry"],"_links":{"self":[{"href":"https:\/\/zuechter.laboklin.com\/hund\/wp-json\/wp\/v2\/pages\/8","targetHints":{"allow":["GET"]}}],"collection":[{"href":"https:\/\/zuechter.laboklin.com\/hund\/wp-json\/wp\/v2\/pages"}],"about":[{"href":"https:\/\/zuechter.laboklin.com\/hund\/wp-json\/wp\/v2\/types\/page"}],"author":[{"embeddable":true,"href":"https:\/\/zuechter.laboklin.com\/hund\/wp-json\/wp\/v2\/users\/1"}],"replies":[{"embeddable":true,"href":"https:\/\/zuechter.laboklin.com\/hund\/wp-json\/wp\/v2\/comments?post=8"}],"version-history":[{"count":18,"href":"https:\/\/zuechter.laboklin.com\/hund\/wp-json\/wp\/v2\/pages\/8\/revisions"}],"predecessor-version":[{"id":9030,"href":"https:\/\/zuechter.laboklin.com\/hund\/wp-json\/wp\/v2\/pages\/8\/revisions\/9030"}],"wp:attachment":[{"href":"https:\/\/zuechter.laboklin.com\/hund\/wp-json\/wp\/v2\/media?parent=8"}],"curies":[{"name":"wp","href":"https:\/\/api.w.org\/{rel}","templated":true}]}}