{"id":591,"date":"2020-09-18T09:41:06","date_gmt":"2020-09-18T07:41:06","guid":{"rendered":"https:\/\/zuechtertag.laboklin.com\/?page_id=591"},"modified":"2025-10-27T14:24:53","modified_gmt":"2025-10-27T13:24:53","slug":"anleitung_zur_online_teilnahme","status":"publish","type":"page","link":"https:\/\/zuechter.laboklin.com\/katze\/anleitung_zur_online_teilnahme\/","title":{"rendered":"Anleitung zur Teilnahme am Web-Seminar"},"content":{"rendered":"<div class=\"wpb-content-wrapper\"><p>[vc_row][vc_column][vc_column_text css=&#8221;&#8221;]<strong>Zugangslink<\/strong><\/p>\n<p>Ihr pers\u00f6nlicher Zugangslink zum Online-Z\u00fcchtertag wird Ihnen automatisch an die bei Ihrer Anmeldung angegebenen E-Mail-Adresse geschickt. Die Mail mit dem hinterlegten Link\u00a0kommt direkt von <a href=\"mailto:seminare@laboklin.com\">seminare@laboklin.com<\/a> etwa eine Woche vor Beginn des Seminars und nach Bezahlung der Rechnung. Sie finden den Link unter: \u201e<span style=\"color: #0000ff;\"><u>Hier klicken, um an der Zoom-Besprechung teilzunehmen.<\/u><\/span>\u201c. Bei manchen E-Mail-Programmen ist eine Kombination aus der Taste &#8220;Strg&#8221; bzw. bei Apple-Ger\u00e4ten &#8220;Command&#8221; und auf der englischen Tastatur &#8220;Crtl&#8221; und einem Linksklick zum \u00d6ffnen notwendig. Bitte kontrollieren Sie deswegen auch Ihren Spam-Filter, sollte die Mail nicht auffindbar sein.<\/p>\n<p>&nbsp;<\/p>\n<p><strong>Teilnahme an einem Webseminar \u00fcber die Plattform Zoom<\/strong><\/p>\n<p>F\u00fcr die beste Qualit\u00e4t und Funktionalit\u00e4t empfehlen wir die Zoom Applikation (Zoom Workplace) zu installieren. Diese steht Ihnen f\u00fcr die Systeme: Windows, MacOS und Linux zur Verf\u00fcgung. Den Download finden Sie unter: <a href=\"https:\/\/laboklin.zoom.us\/download\">https:\/\/laboklin.zoom.us\/download<\/a> und im jeweiligen Play\/App-Store Ihres Mobiltelefons oder Tablet.<\/p>\n<p>Gerne k\u00f6nne Sie aber auch \u00fcber die aktuelle Version Ihres Browsers: Microsoft Edge, Google Chrome, Firefox oder Safari am Web-Seminar teilnehmen.<\/p>\n<p>Bei Beitritt erscheint, wenn Sie noch nie an einer Veranstaltung \u00fcber Zoom teilgenommen haben, ein Fenster in dem Sie aufgefordert werden Ihren Namen und E-Mail-Adresse einzugeben. Bitte tragen Sie hier die E-Mail-Adresse ein mit der Sie sich zum Z\u00fcchtertag angemeldet haben. Danach kommen Sie in das Web-Seminar.<\/p>\n<p>&nbsp;<\/p>\n<p>Hier haben Sie im Zoom Fenster folgende M\u00f6glichkeiten:<\/p>\n<p>&nbsp;<\/p>\n<p><img loading=\"lazy\" decoding=\"async\" class=\"aligncenter wp-image-7864 size-full\" src=\"https:\/\/zuechter.laboklin.com\/katze\/wp-content\/uploads\/sites\/9\/2025\/10\/Zoom_Leiste.png\" alt=\"\" width=\"1383\" height=\"299\" srcset=\"https:\/\/zuechter.laboklin.com\/katze\/wp-content\/uploads\/sites\/9\/2025\/10\/Zoom_Leiste.png 1383w, https:\/\/zuechter.laboklin.com\/katze\/wp-content\/uploads\/sites\/9\/2025\/10\/Zoom_Leiste-300x65.png 300w, https:\/\/zuechter.laboklin.com\/katze\/wp-content\/uploads\/sites\/9\/2025\/10\/Zoom_Leiste-1024x221.png 1024w, https:\/\/zuechter.laboklin.com\/katze\/wp-content\/uploads\/sites\/9\/2025\/10\/Zoom_Leiste-768x166.png 768w\" sizes=\"auto, (max-width: 1383px) 100vw, 1383px\" \/><\/p>\n<p>Weitere n\u00fctzliche Hilfen zu Zoom bekommen Sie auch unter diesem Link: <a href=\"https:\/\/support.zoom.us\/hc\/de\">https:\/\/support.zoom.us\/hc\/de<\/a><\/p>\n<p>&nbsp;<\/p>\n<p><strong>Aufzeichnungen \/ Material zum Download \/ Evaluation<\/strong><\/p>\n<ol>\n<li>Gehen Sie auf die Seite: <a href=\"https:\/\/zuechter.laboklin.com\/\"><strong>https:\/\/zuechter.laboklin.com\/<\/strong><\/a> und w\u00e4hlen Sie Ihre Tierart aus.<\/li>\n<li>Klicken Sie auf den Button \u201e<strong>Aufzeichnungen<\/strong>\u201c \u2013 Hier haben Sie die M\u00f6glichkeit zwischen Hauptprogramm und Seminaren zu w\u00e4hlen.<\/li>\n<li>Geben Sie die von uns <strong>in einer Mail erhaltenen pers\u00f6nlichen Zugangsdaten<\/strong> ein. Diese wird immer am Mittwoch nach dem Live-Termin verschickt.<\/li>\n<\/ol>\n<p>&nbsp;<\/p>\n<p>Nach dem Login k\u00f6nnen Sie:<\/p>\n<ol>\n<li>Die <strong>Skripte<\/strong> f\u00fcr die Veranstaltung herunterladen<\/li>\n<li>Die <strong>Aufzeichnung<\/strong> anschauen (nachdem diese verf\u00fcgbar ist)<\/li>\n<li>Die Beantwortung der <strong>offenen Fragen<\/strong> aus dem Live-Seminar lesen.<\/li>\n<li>Die <strong>Evaluation<\/strong> ausf\u00fcllen. Wir w\u00fcrden uns sehr \u00fcber Ihre Meinung freuen.<\/li>\n<\/ol>\n<p>F\u00fcr weitere Fragen und Hilfe navigieren Sie in den Bereich &#8220;Kontakt&#8221; oder schreiben Sie uns an <strong><a href=\"mailto:\">webseminare@laboklin.com<\/a><\/strong>[\/vc_column_text][\/vc_column][\/vc_row][vc_row][vc_column][\/vc_column][\/vc_row][vc_row][vc_column][vc_column_text css=&#8221;&#8221;]<\/p>\n<h4 style=\"text-align: center;\">Mit freundlicher Unterst\u00fctzung von:<\/h4>\n<p>[\/vc_column_text][\/vc_column][\/vc_row]<\/p>\n<\/div>","protected":false},"excerpt":{"rendered":"<p>[vc_row][vc_column][vc_column_text css=&#8221;&#8221;]Zugangslink Ihr pers\u00f6nlicher Zugangslink zum Online-Z\u00fcchtertag wird Ihnen automatisch an die bei Ihrer Anmeldung angegebenen E-Mail-Adresse geschickt. Die Mail mit dem hinterlegten Link\u00a0kommt direkt von seminare@laboklin.com etwa eine Woche vor Beginn des Seminars und nach Bezahlung der Rechnung. Sie finden den Link unter: \u201eHier klicken, um an der Zoom-Besprechung teilzunehmen.\u201c. Bei manchen E-Mail-Programmen ist [&hellip;]<\/p>\n","protected":false},"author":1,"featured_media":0,"parent":0,"menu_order":0,"comment_status":"closed","ping_status":"closed","template":"","meta":{"footnotes":""},"class_list":["post-591","page","type-page","status-publish","hentry"],"_links":{"self":[{"href":"https:\/\/zuechter.laboklin.com\/katze\/wp-json\/wp\/v2\/pages\/591","targetHints":{"allow":["GET"]}}],"collection":[{"href":"https:\/\/zuechter.laboklin.com\/katze\/wp-json\/wp\/v2\/pages"}],"about":[{"href":"https:\/\/zuechter.laboklin.com\/katze\/wp-json\/wp\/v2\/types\/page"}],"author":[{"embeddable":true,"href":"https:\/\/zuechter.laboklin.com\/katze\/wp-json\/wp\/v2\/users\/1"}],"replies":[{"embeddable":true,"href":"https:\/\/zuechter.laboklin.com\/katze\/wp-json\/wp\/v2\/comments?post=591"}],"version-history":[{"count":28,"href":"https:\/\/zuechter.laboklin.com\/katze\/wp-json\/wp\/v2\/pages\/591\/revisions"}],"predecessor-version":[{"id":7871,"href":"https:\/\/zuechter.laboklin.com\/katze\/wp-json\/wp\/v2\/pages\/591\/revisions\/7871"}],"wp:attachment":[{"href":"https:\/\/zuechter.laboklin.com\/katze\/wp-json\/wp\/v2\/media?parent=591"}],"curies":[{"name":"wp","href":"https:\/\/api.w.org\/{rel}","templated":true}]}}